{"id":80,"date":"2023-03-17T13:27:24","date_gmt":"2023-03-17T12:27:24","guid":{"rendered":"https:\/\/spielgruppe-riggisberg.ch\/?page_id=80"},"modified":"2026-03-24T14:28:40","modified_gmt":"2026-03-24T13:28:40","slug":"willkommen-in-der-spielgruppe-balloenli","status":"publish","type":"page","link":"https:\/\/spielgruppe-riggisberg.ch\/","title":{"rendered":"Willkommen"},"content":{"rendered":"<div class=\"wp-block-image is-resized\">\n<figure class=\"aligncenter size-large\"><img loading=\"lazy\" decoding=\"async\" width=\"1024\" height=\"716\" src=\"https:\/\/spielgruppe-riggisberg.ch\/wp-content\/uploads\/2023\/03\/Logohomepage-1024x716.png\" alt=\"\" class=\"wp-image-55\" srcset=\"https:\/\/spielgruppe-riggisberg.ch\/wp-content\/uploads\/2023\/03\/Logohomepage-1024x716.png 1024w, https:\/\/spielgruppe-riggisberg.ch\/wp-content\/uploads\/2023\/03\/Logohomepage-300x210.png 300w, https:\/\/spielgruppe-riggisberg.ch\/wp-content\/uploads\/2023\/03\/Logohomepage-768x537.png 768w, https:\/\/spielgruppe-riggisberg.ch\/wp-content\/uploads\/2023\/03\/Logohomepage-1536x1074.png 1536w, https:\/\/spielgruppe-riggisberg.ch\/wp-content\/uploads\/2023\/03\/Logohomepage-2048x1432.png 2048w\" sizes=\"auto, (max-width: 1024px) 100vw, 1024px\" \/><\/figure>\n<\/div>\n\n\n<p class=\"has-text-align-center has-neve-link-color-color has-text-color has-large-font-size\"><strong>Willkommen auf der Homepage der Spielgruppe Ball\u00f6nli.<\/strong><\/p>\n\n\n\n<p class=\"has-text-align-center\">Wir arbeiten aktiv daran diese Homepage zu erg\u00e4nzen und zu aktualisieren. Gerne darfst du regelm\u00e4ssig vorbeischauen und informiert bleiben.<\/p>\n\n\n\n<h3 class=\"wp-block-heading has-text-align-center\">Ab 1.Februar 2026 nehmen wir Anmeldungen f\u00fcr <br>das neue Spielgruppenjahr (26\/27) entgegen.<\/h3>\n\n\n\n<p class=\"has-text-align-center\"><br>Anmeldungen f\u00fcr das neue Spielgruppenjahr nehmen wir <strong>gerne<\/strong> entgegen.<br>Weitere Infos zur<a href=\"https:\/\/spielgruppe-riggisberg.ch\/?page_id=161\" data-type=\"page\" data-id=\"161\"><strong>Anmeldung<\/strong><\/a> und zur <a href=\"https:\/\/spielgruppe-riggisberg.ch\/?page_id=110\" data-type=\"page\" data-id=\"110\"><strong>Spielgruppe<\/strong> <\/a> finden Sie<strong><a href=\"https:\/\/spielgruppe-riggisberg.ch\/?page_id=101\" data-type=\"page\" data-id=\"101\">hier<\/a><\/strong>.<\/p>\n\n\n\n<figure class=\"wp-block-gallery has-nested-images columns-default is-cropped wp-block-gallery-1 is-layout-flex wp-block-gallery-is-layout-flex\">\n<figure class=\"wp-block-image size-large\"><img loading=\"lazy\" decoding=\"async\" width=\"768\" height=\"1024\" data-id=\"416\" src=\"https:\/\/spielgruppe-riggisberg.ch\/wp-content\/uploads\/2026\/03\/WhatsApp-Image-2026-03-05-at-12.07.40-768x1024.jpeg\" alt=\"\" class=\"wp-image-416\" srcset=\"https:\/\/spielgruppe-riggisberg.ch\/wp-content\/uploads\/2026\/03\/WhatsApp-Image-2026-03-05-at-12.07.40-768x1024.jpeg 768w, https:\/\/spielgruppe-riggisberg.ch\/wp-content\/uploads\/2026\/03\/WhatsApp-Image-2026-03-05-at-12.07.40-225x300.jpeg 225w, https:\/\/spielgruppe-riggisberg.ch\/wp-content\/uploads\/2026\/03\/WhatsApp-Image-2026-03-05-at-12.07.40-1152x1536.jpeg 1152w, https:\/\/spielgruppe-riggisberg.ch\/wp-content\/uploads\/2026\/03\/WhatsApp-Image-2026-03-05-at-12.07.40.jpeg 1200w\" sizes=\"auto, (max-width: 768px) 100vw, 768px\" \/><\/figure>\n\n\n\n<figure class=\"wp-block-image size-large\"><img loading=\"lazy\" decoding=\"async\" width=\"1024\" height=\"768\" data-id=\"415\" src=\"https:\/\/spielgruppe-riggisberg.ch\/wp-content\/uploads\/2026\/03\/WhatsApp-Image-2026-03-05-at-12.07.40-3-1024x768.jpeg\" alt=\"\" class=\"wp-image-415\" srcset=\"https:\/\/spielgruppe-riggisberg.ch\/wp-content\/uploads\/2026\/03\/WhatsApp-Image-2026-03-05-at-12.07.40-3-1024x768.jpeg 1024w, https:\/\/spielgruppe-riggisberg.ch\/wp-content\/uploads\/2026\/03\/WhatsApp-Image-2026-03-05-at-12.07.40-3-300x225.jpeg 300w, https:\/\/spielgruppe-riggisberg.ch\/wp-content\/uploads\/2026\/03\/WhatsApp-Image-2026-03-05-at-12.07.40-3-768x576.jpeg 768w, https:\/\/spielgruppe-riggisberg.ch\/wp-content\/uploads\/2026\/03\/WhatsApp-Image-2026-03-05-at-12.07.40-3-1536x1152.jpeg 1536w, https:\/\/spielgruppe-riggisberg.ch\/wp-content\/uploads\/2026\/03\/WhatsApp-Image-2026-03-05-at-12.07.40-3.jpeg 1600w\" sizes=\"auto, (max-width: 1024px) 100vw, 1024px\" \/><\/figure>\n\n\n\n<figure class=\"wp-block-image size-large\"><img loading=\"lazy\" decoding=\"async\" width=\"768\" height=\"1024\" data-id=\"418\" src=\"https:\/\/spielgruppe-riggisberg.ch\/wp-content\/uploads\/2026\/03\/WhatsApp-Image-2026-03-05-at-12.07.40-2-768x1024.jpeg\" alt=\"\" class=\"wp-image-418\" srcset=\"https:\/\/spielgruppe-riggisberg.ch\/wp-content\/uploads\/2026\/03\/WhatsApp-Image-2026-03-05-at-12.07.40-2-768x1024.jpeg 768w, https:\/\/spielgruppe-riggisberg.ch\/wp-content\/uploads\/2026\/03\/WhatsApp-Image-2026-03-05-at-12.07.40-2-225x300.jpeg 225w, https:\/\/spielgruppe-riggisberg.ch\/wp-content\/uploads\/2026\/03\/WhatsApp-Image-2026-03-05-at-12.07.40-2-1152x1536.jpeg 1152w, https:\/\/spielgruppe-riggisberg.ch\/wp-content\/uploads\/2026\/03\/WhatsApp-Image-2026-03-05-at-12.07.40-2.jpeg 1200w\" sizes=\"auto, (max-width: 768px) 100vw, 768px\" \/><\/figure>\n\n\n\n<figure class=\"wp-block-image size-large\"><img loading=\"lazy\" decoding=\"async\" width=\"768\" height=\"1024\" data-id=\"417\" src=\"https:\/\/spielgruppe-riggisberg.ch\/wp-content\/uploads\/2026\/03\/WhatsApp-Image-2026-03-05-at-12.07.39-768x1024.jpeg\" alt=\"\" class=\"wp-image-417\" srcset=\"https:\/\/spielgruppe-riggisberg.ch\/wp-content\/uploads\/2026\/03\/WhatsApp-Image-2026-03-05-at-12.07.39-768x1024.jpeg 768w, https:\/\/spielgruppe-riggisberg.ch\/wp-content\/uploads\/2026\/03\/WhatsApp-Image-2026-03-05-at-12.07.39-225x300.jpeg 225w, https:\/\/spielgruppe-riggisberg.ch\/wp-content\/uploads\/2026\/03\/WhatsApp-Image-2026-03-05-at-12.07.39-1152x1536.jpeg 1152w, https:\/\/spielgruppe-riggisberg.ch\/wp-content\/uploads\/2026\/03\/WhatsApp-Image-2026-03-05-at-12.07.39.jpeg 1200w\" sizes=\"auto, (max-width: 768px) 100vw, 768px\" \/><\/figure>\n\n\n\n<figure class=\"wp-block-image size-large\"><img loading=\"lazy\" decoding=\"async\" width=\"768\" height=\"1024\" data-id=\"421\" src=\"https:\/\/spielgruppe-riggisberg.ch\/wp-content\/uploads\/2026\/03\/WhatsApp-Image-2026-03-05-at-12.07.39-6-768x1024.jpeg\" alt=\"\" class=\"wp-image-421\" srcset=\"https:\/\/spielgruppe-riggisberg.ch\/wp-content\/uploads\/2026\/03\/WhatsApp-Image-2026-03-05-at-12.07.39-6-768x1024.jpeg 768w, https:\/\/spielgruppe-riggisberg.ch\/wp-content\/uploads\/2026\/03\/WhatsApp-Image-2026-03-05-at-12.07.39-6-225x300.jpeg 225w, https:\/\/spielgruppe-riggisberg.ch\/wp-content\/uploads\/2026\/03\/WhatsApp-Image-2026-03-05-at-12.07.39-6-1152x1536.jpeg 1152w, https:\/\/spielgruppe-riggisberg.ch\/wp-content\/uploads\/2026\/03\/WhatsApp-Image-2026-03-05-at-12.07.39-6.jpeg 1200w\" sizes=\"auto, (max-width: 768px) 100vw, 768px\" \/><\/figure>\n\n\n\n<figure class=\"wp-block-image size-large\"><img loading=\"lazy\" decoding=\"async\" width=\"768\" height=\"1024\" data-id=\"420\" src=\"https:\/\/spielgruppe-riggisberg.ch\/wp-content\/uploads\/2026\/03\/WhatsApp-Image-2026-03-05-at-12.07.39-2-768x1024.jpeg\" alt=\"\" class=\"wp-image-420\" srcset=\"https:\/\/spielgruppe-riggisberg.ch\/wp-content\/uploads\/2026\/03\/WhatsApp-Image-2026-03-05-at-12.07.39-2-768x1024.jpeg 768w, https:\/\/spielgruppe-riggisberg.ch\/wp-content\/uploads\/2026\/03\/WhatsApp-Image-2026-03-05-at-12.07.39-2-225x300.jpeg 225w, https:\/\/spielgruppe-riggisberg.ch\/wp-content\/uploads\/2026\/03\/WhatsApp-Image-2026-03-05-at-12.07.39-2-1152x1536.jpeg 1152w, https:\/\/spielgruppe-riggisberg.ch\/wp-content\/uploads\/2026\/03\/WhatsApp-Image-2026-03-05-at-12.07.39-2.jpeg 1200w\" sizes=\"auto, (max-width: 768px) 100vw, 768px\" \/><\/figure>\n<\/figure>\n\n\n\n<div class=\"wp-block-media-text alignwide is-stacked-on-mobile is-vertically-aligned-top\" style=\"grid-template-columns:29% auto\"><figure class=\"wp-block-media-text__media\"><img loading=\"lazy\" decoding=\"async\" width=\"595\" height=\"841\" src=\"https:\/\/spielgruppe-riggisberg.ch\/wp-content\/uploads\/2026\/03\/Inegluesli-2026.png\" alt=\"\" class=\"wp-image-432 size-full\" srcset=\"https:\/\/spielgruppe-riggisberg.ch\/wp-content\/uploads\/2026\/03\/Inegluesli-2026.png 595w, https:\/\/spielgruppe-riggisberg.ch\/wp-content\/uploads\/2026\/03\/Inegluesli-2026-212x300.png 212w\" sizes=\"auto, (max-width: 595px) 100vw, 595px\" \/><\/figure><div class=\"wp-block-media-text__content\">\n<p><strong><mark style=\"background-color:var(--nv-text-dark-bg)\" class=\"has-inline-color\">N\u00e4chste Aktivit\u00e4ten mit und in der Spielgruppe:<\/mark><\/strong><\/p>\n\n\n\n<ul class=\"wp-block-list\">\n<li><strong>Innegl\u00fcsli Nami<\/strong>: 25. M\u00e4rz 2026<\/li>\n\n\n\n<li>Anmeldefenster f\u00fcrs neue Spielgruppenjahr: 1. Februar \u2013 1. April 2026<\/li>\n\n\n\n<li>Fr\u00fchlingsmarkt: 24. April 2026<\/li>\n\n\n\n<li>V\u00e4terebastle: 06. Mai 2026<\/li>\n<\/ul>\n<\/div><\/div>\n\n\n\n<h2 class=\"wp-block-heading has-text-align-center\"><\/h2>\n\n\n\n<h2 class=\"wp-block-heading has-text-align-center\"><strong>Unsere Sponsoren:<\/strong><\/h2>\n\n\n\n<figure class=\"wp-block-gallery aligncenter has-nested-images columns-1 is-cropped wp-block-gallery-2 is-layout-flex wp-block-gallery-is-layout-flex\"><div class=\"wp-block-image\">\n<figure class=\"aligncenter size-medium\"><a href=\"https:\/\/b\u00fctschelegg.ch\"><img loading=\"lazy\" decoding=\"async\" width=\"300\" height=\"213\" data-id=\"382\" src=\"https:\/\/spielgruppe-riggisberg.ch\/wp-content\/uploads\/2025\/11\/Buetschelegg_LOGO_HEADER-1-300x213.webp\" alt=\"\" class=\"wp-image-382\" srcset=\"https:\/\/spielgruppe-riggisberg.ch\/wp-content\/uploads\/2025\/11\/Buetschelegg_LOGO_HEADER-1-300x213.webp 300w, https:\/\/spielgruppe-riggisberg.ch\/wp-content\/uploads\/2025\/11\/Buetschelegg_LOGO_HEADER-1.webp 768w\" sizes=\"auto, (max-width: 300px) 100vw, 300px\" \/><\/a><\/figure>\n<\/div>\n\n<div class=\"wp-block-image\">\n<figure class=\"aligncenter size-large\"><a href=\"https:\/\/www.frauenverein-riggisberg.ch\"><img loading=\"lazy\" decoding=\"async\" width=\"248\" height=\"319\" data-id=\"381\" src=\"https:\/\/spielgruppe-riggisberg.ch\/wp-content\/uploads\/2025\/11\/image.jpg\" alt=\"\" class=\"wp-image-381\" srcset=\"https:\/\/spielgruppe-riggisberg.ch\/wp-content\/uploads\/2025\/11\/image.jpg 248w, https:\/\/spielgruppe-riggisberg.ch\/wp-content\/uploads\/2025\/11\/image-233x300.jpg 233w\" sizes=\"auto, (max-width: 248px) 100vw, 248px\" \/><\/a><\/figure>\n<\/div>\n\n<div class=\"wp-block-image\">\n<figure class=\"aligncenter size-large\"><a href=\"https:\/\/www.slr.ch\"><img loading=\"lazy\" decoding=\"async\" width=\"366\" height=\"122\" data-id=\"385\" src=\"https:\/\/spielgruppe-riggisberg.ch\/wp-content\/uploads\/2025\/11\/logo-1.png\" alt=\"\" class=\"wp-image-385\" srcset=\"https:\/\/spielgruppe-riggisberg.ch\/wp-content\/uploads\/2025\/11\/logo-1.png 366w, https:\/\/spielgruppe-riggisberg.ch\/wp-content\/uploads\/2025\/11\/logo-1-300x100.png 300w\" sizes=\"auto, (max-width: 366px) 100vw, 366px\" \/><\/a><\/figure>\n<\/div><\/figure>\n\n\n\n<p class=\"has-text-align-center\">Wir bedanken uns herzlich bei den Sponsoren f\u00fcr Ihr Engagement und die Treue. Herzlichen Dank!<\/p>\n","protected":false},"excerpt":{"rendered":"<p>Willkommen auf der Homepage der Spielgruppe Ball\u00f6nli. Wir arbeiten aktiv daran diese Homepage zu erg\u00e4nzen und zu aktualisieren. Gerne darfst du regelm\u00e4ssig vorbeischauen und informiert bleiben. Ab 1.Februar 2026 nehmen wir Anmeldungen f\u00fcr das neue Spielgruppenjahr (26\/27) entgegen. Anmeldungen f\u00fcr das neue Spielgruppenjahr nehmen wir gerne entgegen.Weitere Infos zurAnmeldung und zur Spielgruppe finden Siehier. Unsere&hellip;&nbsp;<a href=\"https:\/\/spielgruppe-riggisberg.ch\/\" rel=\"bookmark\">Weiterlesen &raquo;<span class=\"screen-reader-text\">Willkommen<\/span><\/a><\/p>\n","protected":false},"author":2,"featured_media":0,"parent":0,"menu_order":0,"comment_status":"closed","ping_status":"closed","template":"","meta":{"neve_meta_sidebar":"","neve_meta_container":"","neve_meta_enable_content_width":"","neve_meta_content_width":0,"neve_meta_title_alignment":"","neve_meta_author_avatar":"","neve_post_elements_order":"","neve_meta_disable_header":"","neve_meta_disable_footer":"","neve_meta_disable_title":"","footnotes":""},"class_list":["post-80","page","type-page","status-publish","hentry"],"_links":{"self":[{"href":"https:\/\/spielgruppe-riggisberg.ch\/index.php?rest_route=\/wp\/v2\/pages\/80","targetHints":{"allow":["GET"]}}],"collection":[{"href":"https:\/\/spielgruppe-riggisberg.ch\/index.php?rest_route=\/wp\/v2\/pages"}],"about":[{"href":"https:\/\/spielgruppe-riggisberg.ch\/index.php?rest_route=\/wp\/v2\/types\/page"}],"author":[{"embeddable":true,"href":"https:\/\/spielgruppe-riggisberg.ch\/index.php?rest_route=\/wp\/v2\/users\/2"}],"replies":[{"embeddable":true,"href":"https:\/\/spielgruppe-riggisberg.ch\/index.php?rest_route=%2Fwp%2Fv2%2Fcomments&post=80"}],"version-history":[{"count":49,"href":"https:\/\/spielgruppe-riggisberg.ch\/index.php?rest_route=\/wp\/v2\/pages\/80\/revisions"}],"predecessor-version":[{"id":433,"href":"https:\/\/spielgruppe-riggisberg.ch\/index.php?rest_route=\/wp\/v2\/pages\/80\/revisions\/433"}],"wp:attachment":[{"href":"https:\/\/spielgruppe-riggisberg.ch\/index.php?rest_route=%2Fwp%2Fv2%2Fmedia&parent=80"}],"curies":[{"name":"wp","href":"https:\/\/api.w.org\/{rel}","templated":true}]}}