{"id":107,"date":"2023-03-20T21:05:09","date_gmt":"2023-03-20T20:05:09","guid":{"rendered":"https:\/\/spielgruppe-riggisberg.ch\/?page_id=107"},"modified":"2023-09-07T22:28:12","modified_gmt":"2023-09-07T20:28:12","slug":"verein-spielgruppe-balloenli","status":"publish","type":"page","link":"https:\/\/spielgruppe-riggisberg.ch\/?page_id=107","title":{"rendered":"Verein Spielgruppe Ball\u00f6nli"},"content":{"rendered":"\n<p>Der Verein Spielgruppe Ball\u00f6nli und dessen Vorstand gew\u00e4hrleistet die Organisation der Spielgruppe Ball\u00f6nli und den Unterhalt. Die Leitung der einzelnen Gruppen unterliegt den Leiterinnen. <\/p>\n\n\n\n<figure class=\"wp-block-gallery has-nested-images columns-default is-cropped wp-block-gallery-1 is-layout-flex wp-block-gallery-is-layout-flex\">\n<figure class=\"wp-block-image size-large\"><img loading=\"lazy\" decoding=\"async\" width=\"1024\" height=\"768\" data-id=\"126\" src=\"https:\/\/spielgruppe-riggisberg.ch\/wp-content\/uploads\/2023\/03\/857b6817-061e-45e5-9a08-6314e2945367-1024x768.jpeg\" alt=\"\" class=\"wp-image-126\" srcset=\"https:\/\/spielgruppe-riggisberg.ch\/wp-content\/uploads\/2023\/03\/857b6817-061e-45e5-9a08-6314e2945367-1024x768.jpeg 1024w, https:\/\/spielgruppe-riggisberg.ch\/wp-content\/uploads\/2023\/03\/857b6817-061e-45e5-9a08-6314e2945367-300x225.jpeg 300w, https:\/\/spielgruppe-riggisberg.ch\/wp-content\/uploads\/2023\/03\/857b6817-061e-45e5-9a08-6314e2945367-768x576.jpeg 768w, https:\/\/spielgruppe-riggisberg.ch\/wp-content\/uploads\/2023\/03\/857b6817-061e-45e5-9a08-6314e2945367-1536x1152.jpeg 1536w, https:\/\/spielgruppe-riggisberg.ch\/wp-content\/uploads\/2023\/03\/857b6817-061e-45e5-9a08-6314e2945367.jpeg 1984w\" sizes=\"auto, (max-width: 1024px) 100vw, 1024px\" \/><\/figure>\n\n\n\n<figure class=\"wp-block-image size-large\"><img loading=\"lazy\" decoding=\"async\" width=\"1024\" height=\"768\" data-id=\"125\" src=\"https:\/\/spielgruppe-riggisberg.ch\/wp-content\/uploads\/2023\/03\/7d47b643-bf05-4200-b76a-5a8abd6ffa1c-1024x768.jpeg\" alt=\"\" class=\"wp-image-125\" srcset=\"https:\/\/spielgruppe-riggisberg.ch\/wp-content\/uploads\/2023\/03\/7d47b643-bf05-4200-b76a-5a8abd6ffa1c-1024x768.jpeg 1024w, https:\/\/spielgruppe-riggisberg.ch\/wp-content\/uploads\/2023\/03\/7d47b643-bf05-4200-b76a-5a8abd6ffa1c-300x225.jpeg 300w, https:\/\/spielgruppe-riggisberg.ch\/wp-content\/uploads\/2023\/03\/7d47b643-bf05-4200-b76a-5a8abd6ffa1c-768x576.jpeg 768w, https:\/\/spielgruppe-riggisberg.ch\/wp-content\/uploads\/2023\/03\/7d47b643-bf05-4200-b76a-5a8abd6ffa1c-1536x1152.jpeg 1536w, https:\/\/spielgruppe-riggisberg.ch\/wp-content\/uploads\/2023\/03\/7d47b643-bf05-4200-b76a-5a8abd6ffa1c.jpeg 1984w\" sizes=\"auto, (max-width: 1024px) 100vw, 1024px\" \/><\/figure>\n\n\n\n<figure class=\"wp-block-image size-large\"><img loading=\"lazy\" decoding=\"async\" width=\"768\" height=\"1024\" data-id=\"127\" src=\"https:\/\/spielgruppe-riggisberg.ch\/wp-content\/uploads\/2023\/03\/6026b332-7409-4f6f-a968-186deeb52dc8-768x1024.jpeg\" alt=\"\" class=\"wp-image-127\" srcset=\"https:\/\/spielgruppe-riggisberg.ch\/wp-content\/uploads\/2023\/03\/6026b332-7409-4f6f-a968-186deeb52dc8-768x1024.jpeg 768w, https:\/\/spielgruppe-riggisberg.ch\/wp-content\/uploads\/2023\/03\/6026b332-7409-4f6f-a968-186deeb52dc8-225x300.jpeg 225w, https:\/\/spielgruppe-riggisberg.ch\/wp-content\/uploads\/2023\/03\/6026b332-7409-4f6f-a968-186deeb52dc8-1152x1536.jpeg 1152w, https:\/\/spielgruppe-riggisberg.ch\/wp-content\/uploads\/2023\/03\/6026b332-7409-4f6f-a968-186deeb52dc8.jpeg 1488w\" sizes=\"auto, (max-width: 768px) 100vw, 768px\" \/><\/figure>\n<\/figure>\n\n\n\n<p><\/p>\n","protected":false},"excerpt":{"rendered":"<p>Der Verein Spielgruppe Ball\u00f6nli und dessen Vorstand gew\u00e4hrleistet die Organisation der Spielgruppe Ball\u00f6nli und den Unterhalt. Die Leitung der einzelnen Gruppen unterliegt den Leiterinnen.<\/p>\n","protected":false},"author":2,"featured_media":0,"parent":0,"menu_order":0,"comment_status":"closed","ping_status":"closed","template":"","meta":{"neve_meta_sidebar":"","neve_meta_container":"","neve_meta_enable_content_width":"","neve_meta_content_width":0,"neve_meta_title_alignment":"","neve_meta_author_avatar":"","neve_post_elements_order":"","neve_meta_disable_header":"","neve_meta_disable_footer":"","neve_meta_disable_title":"","footnotes":""},"class_list":["post-107","page","type-page","status-publish","hentry"],"_links":{"self":[{"href":"https:\/\/spielgruppe-riggisberg.ch\/index.php?rest_route=\/wp\/v2\/pages\/107","targetHints":{"allow":["GET"]}}],"collection":[{"href":"https:\/\/spielgruppe-riggisberg.ch\/index.php?rest_route=\/wp\/v2\/pages"}],"about":[{"href":"https:\/\/spielgruppe-riggisberg.ch\/index.php?rest_route=\/wp\/v2\/types\/page"}],"author":[{"embeddable":true,"href":"https:\/\/spielgruppe-riggisberg.ch\/index.php?rest_route=\/wp\/v2\/users\/2"}],"replies":[{"embeddable":true,"href":"https:\/\/spielgruppe-riggisberg.ch\/index.php?rest_route=%2Fwp%2Fv2%2Fcomments&post=107"}],"version-history":[{"count":4,"href":"https:\/\/spielgruppe-riggisberg.ch\/index.php?rest_route=\/wp\/v2\/pages\/107\/revisions"}],"predecessor-version":[{"id":235,"href":"https:\/\/spielgruppe-riggisberg.ch\/index.php?rest_route=\/wp\/v2\/pages\/107\/revisions\/235"}],"wp:attachment":[{"href":"https:\/\/spielgruppe-riggisberg.ch\/index.php?rest_route=%2Fwp%2Fv2%2Fmedia&parent=107"}],"curies":[{"name":"wp","href":"https:\/\/api.w.org\/{rel}","templated":true}]}}