{"id":101,"date":"2023-03-20T20:59:10","date_gmt":"2023-03-20T19:59:10","guid":{"rendered":"https:\/\/spielgruppe-riggisberg.ch\/?page_id=101"},"modified":"2024-07-02T22:31:20","modified_gmt":"2024-07-02T20:31:20","slug":"ueber-uns","status":"publish","type":"page","link":"https:\/\/spielgruppe-riggisberg.ch\/?page_id=101","title":{"rendered":"\u00dcber uns"},"content":{"rendered":"\n<blockquote class=\"wp-block-quote has-neve-link-color-color has-text-color is-layout-flow wp-block-quote-is-layout-flow\">\n<p class=\"has-neve-link-color-color has-text-color has-medium-font-size\"><strong>Selber schaffen schafft Selbstvertrauen.<\/strong><\/p>\n<cite>Spielgruppenpionierin Lucie Hillenberg<\/cite><\/blockquote>\n\n\n\n<p>Durch die Spielgruppe soll jedes Kind die M\u00f6glichkeit haben, in kleinen Schritten<strong> <\/strong>die Welt der Grossen zu entdecken. Wie Albert Einstein einst gesagt hat, ist Wissen begrenzt, jedoch der Phantasie keine Grenzen gesetzt. Zusammen mit den Kindern wollen wir durch Spiel, Spass und Erlebnisse neues lernen und Entdecken. Die Phantasie soll wachsen, die Abenteuerlust gestillt und viele Fragen gestellt werden d\u00fcrfen. Jede Leiterin gestaltet individuell die Spielgruppenmorgen und gew\u00e4hrleistet ein guter Umgang in der Gruppe. <\/p>\n\n\n\n<p>Die Abl\u00f6sung von den Eltern ist ein grosser Schritt f\u00fcr jedes Kind und dessen Familie. Als Spielgruppe m\u00f6chten wir die Individualit\u00e4t jedes Einzelnen f\u00f6rdern und den Familien helfen diesen Schritt zu tun. Gemeinsam m\u00f6chten wir diese Welt zu einer besseren Ver\u00e4ndern und jedem Kind eine gute Gruppenerfahrung erm\u00f6glichen. Ein guter Umgang mit Mensch, Tier und Natur ist uns dabei sehr wichtig. <\/p>\n\n\n\n<blockquote class=\"wp-block-quote has-neve-link-color-color has-text-color is-layout-flow wp-block-quote-is-layout-flow\">\n<p class=\"has-neve-link-color-color has-text-color has-medium-font-size\"><strong>Die Aufgabe der Umgebung ist es nicht, das Kind zu formen, sondern ihm zu erlauben, sich zu offenbaren.<\/strong><\/p>\n<cite>Maria Montessori<\/cite><\/blockquote>\n\n\n\n<figure class=\"wp-block-gallery aligncenter has-nested-images columns-default is-cropped wp-block-gallery-1 is-layout-flex wp-block-gallery-is-layout-flex\">\n<figure class=\"wp-block-image size-large\"><img loading=\"lazy\" decoding=\"async\" width=\"768\" height=\"1024\" data-id=\"132\" src=\"https:\/\/spielgruppe-riggisberg.ch\/wp-content\/uploads\/2023\/03\/deb24de9-b733-4a45-bcd6-19d8e3ca5cfd-768x1024.jpeg\" alt=\"\" class=\"wp-image-132\" srcset=\"https:\/\/spielgruppe-riggisberg.ch\/wp-content\/uploads\/2023\/03\/deb24de9-b733-4a45-bcd6-19d8e3ca5cfd-768x1024.jpeg 768w, https:\/\/spielgruppe-riggisberg.ch\/wp-content\/uploads\/2023\/03\/deb24de9-b733-4a45-bcd6-19d8e3ca5cfd-225x300.jpeg 225w, https:\/\/spielgruppe-riggisberg.ch\/wp-content\/uploads\/2023\/03\/deb24de9-b733-4a45-bcd6-19d8e3ca5cfd-1152x1536.jpeg 1152w, https:\/\/spielgruppe-riggisberg.ch\/wp-content\/uploads\/2023\/03\/deb24de9-b733-4a45-bcd6-19d8e3ca5cfd.jpeg 1488w\" sizes=\"auto, (max-width: 768px) 100vw, 768px\" \/><\/figure>\n\n\n\n<figure class=\"wp-block-image size-large\"><img loading=\"lazy\" decoding=\"async\" width=\"768\" height=\"1024\" data-id=\"145\" src=\"https:\/\/spielgruppe-riggisberg.ch\/wp-content\/uploads\/2023\/03\/335703b8-de10-4c81-bcbb-dec3e40faaf3-768x1024.jpeg\" alt=\"\" class=\"wp-image-145\" srcset=\"https:\/\/spielgruppe-riggisberg.ch\/wp-content\/uploads\/2023\/03\/335703b8-de10-4c81-bcbb-dec3e40faaf3-768x1024.jpeg 768w, https:\/\/spielgruppe-riggisberg.ch\/wp-content\/uploads\/2023\/03\/335703b8-de10-4c81-bcbb-dec3e40faaf3-225x300.jpeg 225w, https:\/\/spielgruppe-riggisberg.ch\/wp-content\/uploads\/2023\/03\/335703b8-de10-4c81-bcbb-dec3e40faaf3-1152x1536.jpeg 1152w, https:\/\/spielgruppe-riggisberg.ch\/wp-content\/uploads\/2023\/03\/335703b8-de10-4c81-bcbb-dec3e40faaf3.jpeg 1488w\" sizes=\"auto, (max-width: 768px) 100vw, 768px\" \/><\/figure>\n\n\n\n<figure class=\"wp-block-image size-large\"><img loading=\"lazy\" decoding=\"async\" width=\"768\" height=\"1024\" data-id=\"141\" src=\"https:\/\/spielgruppe-riggisberg.ch\/wp-content\/uploads\/2023\/03\/70bb21d8-a81a-4a75-9c5a-fdd4d4e61b84-768x1024.jpeg\" alt=\"\" class=\"wp-image-141\" srcset=\"https:\/\/spielgruppe-riggisberg.ch\/wp-content\/uploads\/2023\/03\/70bb21d8-a81a-4a75-9c5a-fdd4d4e61b84-768x1024.jpeg 768w, https:\/\/spielgruppe-riggisberg.ch\/wp-content\/uploads\/2023\/03\/70bb21d8-a81a-4a75-9c5a-fdd4d4e61b84-225x300.jpeg 225w, https:\/\/spielgruppe-riggisberg.ch\/wp-content\/uploads\/2023\/03\/70bb21d8-a81a-4a75-9c5a-fdd4d4e61b84-1152x1536.jpeg 1152w, https:\/\/spielgruppe-riggisberg.ch\/wp-content\/uploads\/2023\/03\/70bb21d8-a81a-4a75-9c5a-fdd4d4e61b84.jpeg 1488w\" sizes=\"auto, (max-width: 768px) 100vw, 768px\" \/><\/figure>\n<\/figure>\n","protected":false},"excerpt":{"rendered":"<p>Selber schaffen schafft Selbstvertrauen. Spielgruppenpionierin Lucie Hillenberg Durch die Spielgruppe soll jedes Kind die M\u00f6glichkeit haben, in kleinen Schritten die Welt der Grossen zu entdecken. Wie Albert Einstein einst gesagt hat, ist Wissen begrenzt, jedoch der Phantasie keine Grenzen gesetzt. Zusammen mit den Kindern wollen wir durch Spiel, Spass und Erlebnisse neues lernen und Entdecken.&hellip;&nbsp;<a href=\"https:\/\/spielgruppe-riggisberg.ch\/?page_id=101\" rel=\"bookmark\">Weiterlesen &raquo;<span class=\"screen-reader-text\">\u00dcber uns<\/span><\/a><\/p>\n","protected":false},"author":2,"featured_media":0,"parent":0,"menu_order":0,"comment_status":"closed","ping_status":"closed","template":"","meta":{"neve_meta_sidebar":"","neve_meta_container":"","neve_meta_enable_content_width":"","neve_meta_content_width":0,"neve_meta_title_alignment":"","neve_meta_author_avatar":"","neve_post_elements_order":"","neve_meta_disable_header":"","neve_meta_disable_footer":"","neve_meta_disable_title":"","footnotes":""},"class_list":["post-101","page","type-page","status-publish","hentry"],"_links":{"self":[{"href":"https:\/\/spielgruppe-riggisberg.ch\/index.php?rest_route=\/wp\/v2\/pages\/101","targetHints":{"allow":["GET"]}}],"collection":[{"href":"https:\/\/spielgruppe-riggisberg.ch\/index.php?rest_route=\/wp\/v2\/pages"}],"about":[{"href":"https:\/\/spielgruppe-riggisberg.ch\/index.php?rest_route=\/wp\/v2\/types\/page"}],"author":[{"embeddable":true,"href":"https:\/\/spielgruppe-riggisberg.ch\/index.php?rest_route=\/wp\/v2\/users\/2"}],"replies":[{"embeddable":true,"href":"https:\/\/spielgruppe-riggisberg.ch\/index.php?rest_route=%2Fwp%2Fv2%2Fcomments&post=101"}],"version-history":[{"count":9,"href":"https:\/\/spielgruppe-riggisberg.ch\/index.php?rest_route=\/wp\/v2\/pages\/101\/revisions"}],"predecessor-version":[{"id":302,"href":"https:\/\/spielgruppe-riggisberg.ch\/index.php?rest_route=\/wp\/v2\/pages\/101\/revisions\/302"}],"wp:attachment":[{"href":"https:\/\/spielgruppe-riggisberg.ch\/index.php?rest_route=%2Fwp%2Fv2%2Fmedia&parent=101"}],"curies":[{"name":"wp","href":"https:\/\/api.w.org\/{rel}","templated":true}]}}